{"id":7,"date":"2020-10-23T14:34:03","date_gmt":"2020-10-23T12:34:03","guid":{"rendered":"https:\/\/kanuzw.wordpress.com\/?page_id=7"},"modified":"2021-06-25T14:31:08","modified_gmt":"2021-06-25T13:31:08","slug":"blog","status":"publish","type":"page","link":"https:\/\/kanu-club-zweibruecken.de\/index.php\/blog\/","title":{"rendered":"Anfahrt Bootshaus"},"content":{"rendered":"\r\n<div class=\"wp-block-jetpack-map\" data-map-style=\"default\" data-map-details=\"true\" data-points=\"[{&quot;placeTitle&quot;:&quot;Zweibr\u00fccken&quot;,&quot;title&quot;:&quot;Zweibr\u00fccken&quot;,&quot;caption&quot;:&quot;Zweibr\u00fccken, Rhineland-Palatinate, Germany&quot;,&quot;id&quot;:&quot;place.13816706589749340&quot;,&quot;coordinates&quot;:{&quot;longitude&quot;:7.36083,&quot;latitude&quot;:49.24944}}]\" data-zoom=\"12\" data-map-center=\"{&quot;lng&quot;:7.36083,&quot;lat&quot;:49.24944}\" data-marker-color=\"red\" data-show-fullscreen-button=\"true\">\r\n<p>Bootshaus:<\/p>\r\n<ul>\r\n<li><a href=\"https:\/\/www.google.de\/maps\/place\/Stettinstra%C3%9Fe+11,+66482+Zweibr%C3%BCcken\/@49.23822,7.3572141,17z\/data=!3m1!4b1!4m5!3m4!1s0x4795d1160c170555:0xb0b2a047a8133ba0!8m2!3d49.23822!4d7.35863\">Kanu-Club-Zweibr\u00fccken<\/a><\/li>\r\n<\/ul>\r\n<\/div>\r\n\r\n\r\n\r\n<div class=\"wp-block-jetpack-contact-info\">\r\n\r\n\r\n<div class=\"wp-block-jetpack-address\">\r\n<div class=\"jetpack-address__address jetpack-address__address1\">Adresse:<\/div>\r\n<div><span class=\"jetpack-address__postal\">Stettinstra\u00dfe 11, 66482 Zweibr\u00fccken<\/span><\/div>\r\n<div class=\"jetpack-address__country\">Deutschland<\/div>\r\n<\/div>\r\n<\/div>\r\n","protected":false},"excerpt":{"rendered":"","protected":false},"author":1,"featured_media":0,"parent":0,"menu_order":0,"comment_status":"closed","ping_status":"closed","template":"","meta":{"footnotes":""},"_links":{"self":[{"href":"https:\/\/kanu-club-zweibruecken.de\/index.php\/wp-json\/wp\/v2\/pages\/7"}],"collection":[{"href":"https:\/\/kanu-club-zweibruecken.de\/index.php\/wp-json\/wp\/v2\/pages"}],"about":[{"href":"https:\/\/kanu-club-zweibruecken.de\/index.php\/wp-json\/wp\/v2\/types\/page"}],"author":[{"embeddable":true,"href":"https:\/\/kanu-club-zweibruecken.de\/index.php\/wp-json\/wp\/v2\/users\/1"}],"replies":[{"embeddable":true,"href":"https:\/\/kanu-club-zweibruecken.de\/index.php\/wp-json\/wp\/v2\/comments?post=7"}],"version-history":[{"count":4,"href":"https:\/\/kanu-club-zweibruecken.de\/index.php\/wp-json\/wp\/v2\/pages\/7\/revisions"}],"predecessor-version":[{"id":244,"href":"https:\/\/kanu-club-zweibruecken.de\/index.php\/wp-json\/wp\/v2\/pages\/7\/revisions\/244"}],"wp:attachment":[{"href":"https:\/\/kanu-club-zweibruecken.de\/index.php\/wp-json\/wp\/v2\/media?parent=7"}],"curies":[{"name":"wp","href":"https:\/\/api.w.org\/{rel}","templated":true}]}}